{"id":360,"date":"2016-08-12T18:51:42","date_gmt":"2016-08-12T18:51:42","guid":{"rendered":"https:\/\/avada.theme-fusion.com\/technology\/?page_id=2"},"modified":"2022-12-01T20:55:59","modified_gmt":"2022-12-01T19:55:59","slug":"home-2","status":"publish","type":"page","link":"https:\/\/tier1.rs\/","title":{"rendered":"Po\u010detna"},"content":{"rendered":"<div class=\"fusion-fullwidth fullwidth-box fusion-builder-row-1 has-pattern-background has-mask-background nonhundred-percent-fullwidth non-hundred-percent-height-scrolling\" style=\"background-color: #ffffff;background-position: center bottom;background-repeat: repeat-x;padding-top:50px;padding-right:0px;padding-bottom:0px;padding-left:0px;margin-bottom: 0px;margin-top: 0px;border-width: 0px 0px 0px 0px;border-color:rgba(97,158,133,0);border-style:solid;\" ><div class=\"fusion-builder-row fusion-row\"><div class=\"fusion-layout-column fusion_builder_column fusion-builder-column-0 fusion_builder_column_1_1 1_1 fusion-one-full fusion-column-first fusion-column-last fusion-column-no-min-height\" style=\"margin-top:0px;margin-bottom:0px;\"><div class=\"fusion-column-wrapper fusion-flex-column-wrapper-legacy\" style=\"background-position:left top;background-repeat:no-repeat;-webkit-background-size:cover;-moz-background-size:cover;-o-background-size:cover;background-size:cover;padding: 0px 0px 40px 0px;\"><div class=\"fusion-text fusion-text-1\"><p style=\"text-align: left;\">Danas, u poslovanju uspeh nije mogu\u0107 ukoliko informacione tehnologije ne funkcioni\u0161u besprekorno. Zbog toga je najbolje re\u0161enje za va\u0161 biznis da IT prepustite profesionalcima.<br \/>\nGra\u0111enje IT infrastrukture od nule ili nadogradnja postoje\u0107e, unapre\u0111enja u radu i konstantna podr\u0161ka samo su deo na\u0161e ponude.<\/p>\n<p style=\"text-align: left;\">Bez obzira da li brojite samo jedan server ili vi\u0161e data centara, da li su va\u0161i informacioni resursi kod vas onsite ili u cloud-u, koju opremu imate, koliko korisnika broji va\u0161e informaciono okru\u017eenje i koliko lokacija imate, vreme je da unapredite va\u0161e poslovanje.<\/p>\n<\/div><div class=\"fusion-clearfix\"><\/div><\/div><\/div><div class=\"fusion-layout-column fusion_builder_column fusion-builder-column-1 fusion_builder_column_1_1 1_1 fusion-one-full fusion-column-first fusion-column-last fusion-no-small-visibility fusion-no-medium-visibility\" style=\"margin-top:0px;margin-bottom:0px;\"><div class=\"fusion-column-wrapper fusion-flex-column-wrapper-legacy\" style=\"background-position:left top;background-repeat:no-repeat;-webkit-background-size:cover;-moz-background-size:cover;-o-background-size:cover;background-size:cover;padding: 0px 0px 0px 0px;\"><div class=\"fusion-text fusion-text-2\"><\/div><div class=\"fusion-clearfix\"><\/div><\/div><\/div><\/div><\/div>\n","protected":false},"excerpt":{"rendered":"","protected":false},"author":1,"featured_media":0,"parent":0,"menu_order":0,"comment_status":"closed","ping_status":"closed","template":"100-width.php","meta":[],"_links":{"self":[{"href":"https:\/\/tier1.rs\/index.php?rest_route=\/wp\/v2\/pages\/360"}],"collection":[{"href":"https:\/\/tier1.rs\/index.php?rest_route=\/wp\/v2\/pages"}],"about":[{"href":"https:\/\/tier1.rs\/index.php?rest_route=\/wp\/v2\/types\/page"}],"author":[{"embeddable":true,"href":"https:\/\/tier1.rs\/index.php?rest_route=\/wp\/v2\/users\/1"}],"replies":[{"embeddable":true,"href":"https:\/\/tier1.rs\/index.php?rest_route=%2Fwp%2Fv2%2Fcomments&post=360"}],"version-history":[{"count":63,"href":"https:\/\/tier1.rs\/index.php?rest_route=\/wp\/v2\/pages\/360\/revisions"}],"predecessor-version":[{"id":832,"href":"https:\/\/tier1.rs\/index.php?rest_route=\/wp\/v2\/pages\/360\/revisions\/832"}],"wp:attachment":[{"href":"https:\/\/tier1.rs\/index.php?rest_route=%2Fwp%2Fv2%2Fmedia&parent=360"}],"curies":[{"name":"wp","href":"https:\/\/api.w.org\/{rel}","templated":true}]}}