{"id":616,"date":"2017-03-19T21:47:19","date_gmt":"2017-03-19T21:47:19","guid":{"rendered":"http:\/\/tier1.rs\/?page_id=616"},"modified":"2022-12-01T21:47:20","modified_gmt":"2022-12-01T20:47:20","slug":"home-2-2-2","status":"publish","type":"page","link":"https:\/\/tier1.rs\/?page_id=616","title":{"rendered":"O nama"},"content":{"rendered":"<div class=\"fusion-fullwidth fullwidth-box fusion-builder-row-1 fusion-parallax-none nonhundred-percent-fullwidth non-hundred-percent-height-scrolling\" style=\"background-color: #f0f0f0;background-image: url(&quot;http:\/\/tier1.rs\/wp-content\/uploads\/2016\/08\/bg.png&quot;);background-position: center bottom;background-repeat: repeat-x;padding-top:60px;padding-right:0px;padding-bottom:0px;padding-left:0px;margin-bottom: 0px;margin-top: 0px;border-width: 0px 0px 0px 0px;border-color:rgba(97,158,133,0);border-style:solid;\" ><div class=\"fusion-builder-row fusion-row\"><div class=\"fusion-layout-column fusion_builder_column fusion-builder-column-0 fusion_builder_column_1_1 1_1 fusion-one-full fusion-column-first fusion-column-last fusion-column-no-min-height\" style=\"margin-top:0px;margin-bottom:0px;\"><div class=\"fusion-column-wrapper fusion-flex-column-wrapper-legacy\" style=\"background-position:left top;background-repeat:no-repeat;-webkit-background-size:cover;-moz-background-size:cover;-o-background-size:cover;background-size:cover;padding: 0px 0px 0px 0px;\"><style type=\"text\/css\"><\/style><div class=\"fusion-title title fusion-title-1 sep-underline sep-solid fusion-title-text fusion-title-size-one\" style=\"border-bottom-color:#e0dede;margin-top:0px;margin-right:0px;margin-bottom:40px;margin-left:0px;\"><h1 class=\"title-heading-left fusion-responsive-typography-calculated\" style=\"margin:0;--fontSize:40;line-height:1.4;\"><h1><span style=\"color: #005baa; font-weight: 900;\">O NAMA<\/span><\/h1><\/h1><\/div><div class=\"fusion-text fusion-text-1\"><p style=\"text-align: left;\">Tier One \u010dini tim vrhunskih stru\u010dnjaka sa vi\u0161edecenijskom praksom i iskustvom u IT projektima svih veli\u010dina. Posedujemo reference iz raznih oblasti informacionih tehnologija i radili smo na najve\u0107im projektima u zemlji. Ulaganje u znanje i pra\u0107enje modernih tehnologija je konstantno, \u0161to na\u0161 tim izdvaja po mnogobrojnim sertifikatima iz raznih IT oblasti. Ponosimo se dugogodi\u0161njom saradnjom sa svojim klijentima a najdra\u017ea priznanja nam dolaze upravo sa te strane. Kod nas su klijenti uvek na prvom mestu.<\/p>\n<\/div><div class=\"fusion-sep-clear\"><\/div><div class=\"fusion-separator fusion-full-width-sep\" style=\"margin-left: auto;margin-right: auto;margin-top:40px;margin-bottom:40px;width:100%;\"><\/div><div class=\"fusion-sep-clear\"><\/div><div class=\"fusion-sep-clear\"><\/div><div class=\"fusion-separator fusion-full-width-sep\" style=\"margin-left: auto;margin-right: auto;margin-top:40px;margin-bottom:40px;width:100%;\"><\/div><div class=\"fusion-sep-clear\"><\/div><div class=\"fusion-clearfix\"><\/div><\/div><\/div><\/div><\/div>\n","protected":false},"excerpt":{"rendered":"","protected":false},"author":1,"featured_media":0,"parent":0,"menu_order":0,"comment_status":"closed","ping_status":"closed","template":"100-width.php","meta":[],"_links":{"self":[{"href":"https:\/\/tier1.rs\/index.php?rest_route=\/wp\/v2\/pages\/616"}],"collection":[{"href":"https:\/\/tier1.rs\/index.php?rest_route=\/wp\/v2\/pages"}],"about":[{"href":"https:\/\/tier1.rs\/index.php?rest_route=\/wp\/v2\/types\/page"}],"author":[{"embeddable":true,"href":"https:\/\/tier1.rs\/index.php?rest_route=\/wp\/v2\/users\/1"}],"replies":[{"embeddable":true,"href":"https:\/\/tier1.rs\/index.php?rest_route=%2Fwp%2Fv2%2Fcomments&post=616"}],"version-history":[{"count":10,"href":"https:\/\/tier1.rs\/index.php?rest_route=\/wp\/v2\/pages\/616\/revisions"}],"predecessor-version":[{"id":836,"href":"https:\/\/tier1.rs\/index.php?rest_route=\/wp\/v2\/pages\/616\/revisions\/836"}],"wp:attachment":[{"href":"https:\/\/tier1.rs\/index.php?rest_route=%2Fwp%2Fv2%2Fmedia&parent=616"}],"curies":[{"name":"wp","href":"https:\/\/api.w.org\/{rel}","templated":true}]}}